{"id":2604,"date":"2024-10-09T10:03:58","date_gmt":"2024-10-09T10:03:58","guid":{"rendered":"https:\/\/cvk-projekty.pl\/?page_id=2604"},"modified":"2024-10-09T10:27:56","modified_gmt":"2024-10-09T10:27:56","slug":"projekty-indywidualne","status":"publish","type":"page","link":"https:\/\/cvk-projekty.pl\/index.php\/projekty-indywidualne\/","title":{"rendered":"Projekty indywidualne"},"content":{"rendered":"\t\t<div data-elementor-type=\"wp-page\" data-elementor-id=\"2604\" class=\"elementor elementor-2604\" data-elementor-post-type=\"page\">\n\t\t\t\t<div class=\"elementor-element elementor-element-45e7cb5 e-con-full e-flex e-con e-parent\" data-id=\"45e7cb5\" data-element_type=\"container\">\n\t\t\t\t<div class=\"elementor-element elementor-element-dea37e6 elementor-widget elementor-widget-heading\" data-id=\"dea37e6\" data-element_type=\"widget\" data-widget_type=\"heading.default\">\n\t\t\t\t<div class=\"elementor-widget-container\">\n\t\t\t\t\t<h2 class=\"elementor-heading-title elementor-size-default\">Projekty indywidualne<\/h2>\t\t\t\t<\/div>\n\t\t\t\t<\/div>\n\t\t\t\t<\/div>\n\t\t<div class=\"elementor-element elementor-element-dd54a63 e-flex e-con-boxed e-con e-parent\" data-id=\"dd54a63\" data-element_type=\"container\">\n\t\t\t\t\t<div class=\"e-con-inner\">\n\t\t\t\t<div class=\"elementor-element elementor-element-9bb6071 elementor-widget elementor-widget-text-editor\" data-id=\"9bb6071\" data-element_type=\"widget\" data-widget_type=\"text-editor.default\">\n\t\t\t\t<div class=\"elementor-widget-container\">\n\t\t\t\t\t\t\t\t\t<p>Projekt indywidualny to prawie to samo, co oferta adaptacji, jednak projekt obiektu wykonywany jest indywidualnie na zlecenie klienta. Ta forma ma zasadnicze zalety, gdy\u017c umo\u017cliwia stworzenie projektu ca\u0142kowicie dostosowanego do wymog\u00f3w i potrzeb klienta.<br \/>Przed przyst\u0105pieniem do zasadniczego projektowania sporz\u0105dzana jest koncepcja w programie 3D, a klient ma mo\u017cliwo\u015b\u0107 wnoszenia uwag. Po zatwierdzeniu koncepcji przyst\u0119pujemy do sporz\u0105dzania projekt\u00f3w:<\/p><ul><li>Architektoniczno-budowlanego (PAB),<\/li><li>Zagospodarowania dzia\u0142ki (PZT),<\/li><li>Technicznego (bran\u017cowego) (PT).<\/li><\/ul><p>Pozosta\u0142e czynno\u015bci przebiegaj\u0105 analogicznie jak w adaptacji.<\/p>\t\t\t\t\t\t\t\t<\/div>\n\t\t\t\t<\/div>\n\t\t\t\t\t<\/div>\n\t\t\t\t<\/div>\n\t\t<div class=\"elementor-element elementor-element-8a8a271 e-flex e-con-boxed e-con e-parent\" data-id=\"8a8a271\" data-element_type=\"container\">\n\t\t\t\t\t<div class=\"e-con-inner\">\n\t\t\t\t<div class=\"elementor-element elementor-element-60b6f50 elementor-widget elementor-widget-template\" data-id=\"60b6f50\" data-element_type=\"widget\" data-widget_type=\"template.default\">\n\t\t\t\t<div class=\"elementor-widget-container\">\n\t\t\t\t\t\t\t<div class=\"elementor-template\">\n\t\t\t\t\t<div data-elementor-type=\"container\" data-elementor-id=\"2646\" class=\"elementor elementor-2646\" data-elementor-post-type=\"elementor_library\">\n\t\t\t\t<div class=\"elementor-element elementor-element-3252f37 e-flex e-con-boxed e-con e-parent\" data-id=\"3252f37\" data-element_type=\"container\">\n\t\t\t\t\t<div class=\"e-con-inner\">\n\t\t<div class=\"elementor-element elementor-element-75bdbcee e-con-full e-flex e-con e-child\" data-id=\"75bdbcee\" data-element_type=\"container\">\n\t\t\t\t<div class=\"elementor-element elementor-element-73d30040 elementor-widget elementor-widget-heading\" data-id=\"73d30040\" data-element_type=\"widget\" data-widget_type=\"heading.default\">\n\t\t\t\t<div class=\"elementor-widget-container\">\n\t\t\t\t\t<h2 class=\"elementor-heading-title elementor-size-default\">Oferta<\/h2>\t\t\t\t<\/div>\n\t\t\t\t<\/div>\n\t\t\t\t<\/div>\n\t\t\t\t<div class=\"elementor-element elementor-element-16f28c elementor-widget elementor-widget-image\" data-id=\"16f28c\" data-element_type=\"widget\" data-widget_type=\"image.default\">\n\t\t\t\t<div class=\"elementor-widget-container\">\n\t\t\t\t\t\t\t\t\t\t\t\t\t\t\t<img fetchpriority=\"high\" decoding=\"async\" width=\"525\" height=\"217\" src=\"https:\/\/cvk-projekty.pl\/wp-content\/uploads\/2020\/03\/slider-5-1024x423.jpg\" class=\"attachment-large size-large wp-image-824\" alt=\"\" srcset=\"https:\/\/cvk-projekty.pl\/wp-content\/uploads\/2020\/03\/slider-5-1024x423.jpg 1024w, https:\/\/cvk-projekty.pl\/wp-content\/uploads\/2020\/03\/slider-5-300x124.jpg 300w, https:\/\/cvk-projekty.pl\/wp-content\/uploads\/2020\/03\/slider-5-768x317.jpg 768w, https:\/\/cvk-projekty.pl\/wp-content\/uploads\/2020\/03\/slider-5-1536x634.jpg 1536w, https:\/\/cvk-projekty.pl\/wp-content\/uploads\/2020\/03\/slider-5-600x248.jpg 600w, https:\/\/cvk-projekty.pl\/wp-content\/uploads\/2020\/03\/slider-5.jpg 1920w\" sizes=\"(max-width: 525px) 100vw, 525px\" \/>\t\t\t\t\t\t\t\t\t\t\t\t\t\t\t<\/div>\n\t\t\t\t<\/div>\n\t\t\t\t<div class=\"elementor-element elementor-element-42466837 elementor-widget elementor-widget-rinbuild_services_img2\" data-id=\"42466837\" data-element_type=\"widget\" data-widget_type=\"rinbuild_services_img2.default\">\n\t\t\t\t<div class=\"elementor-widget-container\">\n\t\t\t\t\t\t<section class=\"service-style2-area style3\">\n    <div class=\"container service-box\">\n        <div class=\"row\">\n            \n\t\t\t\t\t\t\n            <div class=\"col-xl-4 col-lg-4\">\n<div class=\"single-service-style2\">\n    <div class=\"img-holder\">\n        \n                <!-- Dodajemy odno\u015bnik wok\u00f3\u0142 obrazka -->\n        <a href=\"https:\/\/cvk-projekty.pl\/index.php\/adaptacja\/\">\n            <img decoding=\"async\" src=\"https:\/\/cvk-projekty.pl\/wp-content\/uploads\/2024\/10\/02.webp\" alt=\"\">\n        <\/a>\n                \n        <div class=\"static-content\">\n            <div class=\"title\">\n                <h3><a href=\"https:\/\/cvk-projekty.pl\/index.php\/adaptacja\/\">Adaptacja<\/a><\/h3>\n            <\/div>\n        <\/div>\n\n    <\/div> \n<\/div>\n\n            <\/div>\n            \n\t\t\t\t\t\t\n            <div class=\"col-xl-4 col-lg-4\">\n<div class=\"single-service-style2\">\n    <div class=\"img-holder\">\n        \n                <!-- Dodajemy odno\u015bnik wok\u00f3\u0142 obrazka -->\n        <a href=\"https:\/\/cvk-projekty.pl\/index.php\/projekty-indywidualne\/\">\n            <img decoding=\"async\" src=\"https:\/\/cvk-projekty.pl\/wp-content\/uploads\/2024\/10\/05.webp\" alt=\"\">\n        <\/a>\n                \n        <div class=\"static-content\">\n            <div class=\"title\">\n                <h3><a href=\"https:\/\/cvk-projekty.pl\/index.php\/projekty-indywidualne\/\">Projekty indywidualne<\/a><\/h3>\n            <\/div>\n        <\/div>\n\n    <\/div> \n<\/div>\n\n            <\/div>\n            \n\t\t\t\t\t\t\n            <div class=\"col-xl-4 col-lg-4\">\n<div class=\"single-service-style2\">\n    <div class=\"img-holder\">\n        \n                <!-- Dodajemy odno\u015bnik wok\u00f3\u0142 obrazka -->\n        <a href=\"https:\/\/cvk-projekty.pl\/index.php\/projekty-konstrukcyjne\/\">\n            <img decoding=\"async\" src=\"https:\/\/cvk-projekty.pl\/wp-content\/uploads\/2024\/10\/06.webp\" alt=\"\">\n        <\/a>\n                \n        <div class=\"static-content\">\n            <div class=\"title\">\n                <h3><a href=\"https:\/\/cvk-projekty.pl\/index.php\/projekty-konstrukcyjne\/\">Projekty konstrukcyjne<\/a><\/h3>\n            <\/div>\n        <\/div>\n\n    <\/div> \n<\/div>\n\n            <\/div>\n            \n\t\t\t\t\t\t\n            <div class=\"col-xl-4 col-lg-4\">\n<div class=\"single-service-style2\">\n    <div class=\"img-holder\">\n        \n                <!-- Dodajemy odno\u015bnik wok\u00f3\u0142 obrazka -->\n        <a href=\"https:\/\/cvk-projekty.pl\/index.php\/kierownictwo-budow\/\">\n            <img decoding=\"async\" src=\"https:\/\/cvk-projekty.pl\/wp-content\/uploads\/2024\/10\/01.webp\" alt=\"\">\n        <\/a>\n                \n        <div class=\"static-content\">\n            <div class=\"title\">\n                <h3><a href=\"https:\/\/cvk-projekty.pl\/index.php\/kierownictwo-budow\/\">Kierownictwo bud\u00f3w<\/a><\/h3>\n            <\/div>\n        <\/div>\n\n    <\/div> \n<\/div>\n\n            <\/div>\n            \n\t\t\t\t\t\t\n            <div class=\"col-xl-4 col-lg-4\">\n<div class=\"single-service-style2\">\n    <div class=\"img-holder\">\n        \n                <!-- Dodajemy odno\u015bnik wok\u00f3\u0142 obrazka -->\n        <a href=\"https:\/\/cvk-projekty.pl\/index.php\/nadzory-inwestorskie\/\">\n            <img decoding=\"async\" src=\"https:\/\/cvk-projekty.pl\/wp-content\/uploads\/2024\/10\/03-1.webp\" alt=\"\">\n        <\/a>\n                \n        <div class=\"static-content\">\n            <div class=\"title\">\n                <h3><a href=\"https:\/\/cvk-projekty.pl\/index.php\/nadzory-inwestorskie\/\">Nadzory inwestorskie<\/a><\/h3>\n            <\/div>\n        <\/div>\n\n    <\/div> \n<\/div>\n\n            <\/div>\n            \n\t\t\t\t\t\t\n            <div class=\"col-xl-4 col-lg-4\">\n<div class=\"single-service-style2\">\n    <div class=\"img-holder\">\n        \n                <!-- Dodajemy odno\u015bnik wok\u00f3\u0142 obrazka -->\n        <a href=\"https:\/\/cvk-projekty.pl\/index.php\/przeglady-ekspertyzy-opinie-odbiory\/\">\n            <img decoding=\"async\" src=\"https:\/\/cvk-projekty.pl\/wp-content\/uploads\/2024\/10\/04.webp\" alt=\"\">\n        <\/a>\n                \n        <div class=\"static-content\">\n            <div class=\"title\">\n                <h3><a href=\"https:\/\/cvk-projekty.pl\/index.php\/przeglady-ekspertyzy-opinie-odbiory\/\">Przegl\u0105dy, ekspertyzy, <br \/>opinie, odbiory<\/a><\/h3>\n            <\/div>\n        <\/div>\n\n    <\/div> \n<\/div>\n\n            <\/div>\n            \n\t\t\t        <\/div>\n        <div class=\"row\">\n            <div class=\"col-xl-12\">\n                <div class=\"all-service-button text-center\">\n                    <a class=\"btn-one\" href=\"https:\/\/cvk-projekty.pl\/#partnerzy\">Partnerzy<span class=\"flaticon-next\"><\/span><\/a>\n                <\/div>\n            <\/div>\n        <\/div>\n    <\/div>    \n<\/section>\n\t\t\t\t\t\t<\/div>\n\t\t\t\t<\/div>\n\t\t\t\t\t<\/div>\n\t\t\t\t<\/div>\n\t\t\t\t<\/div>\n\t\t\t\t<\/div>\n\t\t\t\t\t\t<\/div>\n\t\t\t\t<\/div>\n\t\t\t\t\t<\/div>\n\t\t\t\t<\/div>\n\t\t\t\t<\/div>\n\t\t","protected":false},"excerpt":{"rendered":"<p>Projekty indywidualne Projekt indywidualny to prawie to samo, co oferta adaptacji, jednak projekt obiektu wykonywany jest indywidualnie na zlecenie klienta. Ta forma ma zasadnicze zalety, gdy\u017c umo\u017cliwia stworzenie projektu ca\u0142kowicie dostosowanego do wymog\u00f3w i potrzeb klienta.Przed przyst\u0105pieniem do zasadniczego projektowania sporz\u0105dzana jest koncepcja w programie 3D, a klient ma mo\u017cliwo\u015b\u0107 wnoszenia uwag. Po zatwierdzeniu koncepcji [&hellip;]<\/p>\n","protected":false},"author":3,"featured_media":0,"parent":0,"menu_order":0,"comment_status":"closed","ping_status":"closed","template":"tpl-default-elementor.php","meta":{"footnotes":""},"class_list":["post-2604","page","type-page","status-publish","hentry"],"yoast_head":"<!-- This site is optimized with the Yoast SEO plugin v26.6 - https:\/\/yoast.com\/wordpress\/plugins\/seo\/ -->\n<title>Projekty indywidualne - CVK Projekty<\/title>\n<meta name=\"robots\" content=\"index, follow, max-snippet:-1, max-image-preview:large, max-video-preview:-1\" \/>\n<link rel=\"canonical\" href=\"https:\/\/cvk-projekty.pl\/index.php\/projekty-indywidualne\/\" \/>\n<meta property=\"og:locale\" content=\"pl_PL\" \/>\n<meta property=\"og:type\" content=\"article\" \/>\n<meta property=\"og:title\" content=\"Projekty indywidualne - CVK Projekty\" \/>\n<meta property=\"og:description\" content=\"Projekty indywidualne Projekt indywidualny to prawie to samo, co oferta adaptacji, jednak projekt obiektu wykonywany jest indywidualnie na zlecenie klienta. Ta forma ma zasadnicze zalety, gdy\u017c umo\u017cliwia stworzenie projektu ca\u0142kowicie dostosowanego do wymog\u00f3w i potrzeb klienta.Przed przyst\u0105pieniem do zasadniczego projektowania sporz\u0105dzana jest koncepcja w programie 3D, a klient ma mo\u017cliwo\u015b\u0107 wnoszenia uwag. Po zatwierdzeniu koncepcji [&hellip;]\" \/>\n<meta property=\"og:url\" content=\"https:\/\/cvk-projekty.pl\/index.php\/projekty-indywidualne\/\" \/>\n<meta property=\"og:site_name\" content=\"CVK Projekty\" \/>\n<meta property=\"article:modified_time\" content=\"2024-10-09T10:27:56+00:00\" \/>\n<meta name=\"twitter:card\" content=\"summary_large_image\" \/>\n<script type=\"application\/ld+json\" class=\"yoast-schema-graph\">{\"@context\":\"https:\/\/schema.org\",\"@graph\":[{\"@type\":\"WebPage\",\"@id\":\"https:\/\/cvk-projekty.pl\/index.php\/projekty-indywidualne\/\",\"url\":\"https:\/\/cvk-projekty.pl\/index.php\/projekty-indywidualne\/\",\"name\":\"Projekty indywidualne - CVK Projekty\",\"isPartOf\":{\"@id\":\"https:\/\/cvk-projekty.pl\/#website\"},\"datePublished\":\"2024-10-09T10:03:58+00:00\",\"dateModified\":\"2024-10-09T10:27:56+00:00\",\"breadcrumb\":{\"@id\":\"https:\/\/cvk-projekty.pl\/index.php\/projekty-indywidualne\/#breadcrumb\"},\"inLanguage\":\"pl-PL\",\"potentialAction\":[{\"@type\":\"ReadAction\",\"target\":[\"https:\/\/cvk-projekty.pl\/index.php\/projekty-indywidualne\/\"]}]},{\"@type\":\"BreadcrumbList\",\"@id\":\"https:\/\/cvk-projekty.pl\/index.php\/projekty-indywidualne\/#breadcrumb\",\"itemListElement\":[{\"@type\":\"ListItem\",\"position\":1,\"name\":\"Strona g\u0142\u00f3wna\",\"item\":\"https:\/\/cvk-projekty.pl\/\"},{\"@type\":\"ListItem\",\"position\":2,\"name\":\"Projekty indywidualne\"}]},{\"@type\":\"WebSite\",\"@id\":\"https:\/\/cvk-projekty.pl\/#website\",\"url\":\"https:\/\/cvk-projekty.pl\/\",\"name\":\"CVK Projekty\",\"description\":\"Kolejna witryna WordPress\",\"potentialAction\":[{\"@type\":\"SearchAction\",\"target\":{\"@type\":\"EntryPoint\",\"urlTemplate\":\"https:\/\/cvk-projekty.pl\/?s={search_term_string}\"},\"query-input\":{\"@type\":\"PropertyValueSpecification\",\"valueRequired\":true,\"valueName\":\"search_term_string\"}}],\"inLanguage\":\"pl-PL\"}]}<\/script>\n<!-- \/ Yoast SEO plugin. -->","yoast_head_json":{"title":"Projekty indywidualne - CVK Projekty","robots":{"index":"index","follow":"follow","max-snippet":"max-snippet:-1","max-image-preview":"max-image-preview:large","max-video-preview":"max-video-preview:-1"},"canonical":"https:\/\/cvk-projekty.pl\/index.php\/projekty-indywidualne\/","og_locale":"pl_PL","og_type":"article","og_title":"Projekty indywidualne - CVK Projekty","og_description":"Projekty indywidualne Projekt indywidualny to prawie to samo, co oferta adaptacji, jednak projekt obiektu wykonywany jest indywidualnie na zlecenie klienta. Ta forma ma zasadnicze zalety, gdy\u017c umo\u017cliwia stworzenie projektu ca\u0142kowicie dostosowanego do wymog\u00f3w i potrzeb klienta.Przed przyst\u0105pieniem do zasadniczego projektowania sporz\u0105dzana jest koncepcja w programie 3D, a klient ma mo\u017cliwo\u015b\u0107 wnoszenia uwag. Po zatwierdzeniu koncepcji [&hellip;]","og_url":"https:\/\/cvk-projekty.pl\/index.php\/projekty-indywidualne\/","og_site_name":"CVK Projekty","article_modified_time":"2024-10-09T10:27:56+00:00","twitter_card":"summary_large_image","schema":{"@context":"https:\/\/schema.org","@graph":[{"@type":"WebPage","@id":"https:\/\/cvk-projekty.pl\/index.php\/projekty-indywidualne\/","url":"https:\/\/cvk-projekty.pl\/index.php\/projekty-indywidualne\/","name":"Projekty indywidualne - CVK Projekty","isPartOf":{"@id":"https:\/\/cvk-projekty.pl\/#website"},"datePublished":"2024-10-09T10:03:58+00:00","dateModified":"2024-10-09T10:27:56+00:00","breadcrumb":{"@id":"https:\/\/cvk-projekty.pl\/index.php\/projekty-indywidualne\/#breadcrumb"},"inLanguage":"pl-PL","potentialAction":[{"@type":"ReadAction","target":["https:\/\/cvk-projekty.pl\/index.php\/projekty-indywidualne\/"]}]},{"@type":"BreadcrumbList","@id":"https:\/\/cvk-projekty.pl\/index.php\/projekty-indywidualne\/#breadcrumb","itemListElement":[{"@type":"ListItem","position":1,"name":"Strona g\u0142\u00f3wna","item":"https:\/\/cvk-projekty.pl\/"},{"@type":"ListItem","position":2,"name":"Projekty indywidualne"}]},{"@type":"WebSite","@id":"https:\/\/cvk-projekty.pl\/#website","url":"https:\/\/cvk-projekty.pl\/","name":"CVK Projekty","description":"Kolejna witryna WordPress","potentialAction":[{"@type":"SearchAction","target":{"@type":"EntryPoint","urlTemplate":"https:\/\/cvk-projekty.pl\/?s={search_term_string}"},"query-input":{"@type":"PropertyValueSpecification","valueRequired":true,"valueName":"search_term_string"}}],"inLanguage":"pl-PL"}]}},"_links":{"self":[{"href":"https:\/\/cvk-projekty.pl\/index.php\/wp-json\/wp\/v2\/pages\/2604","targetHints":{"allow":["GET"]}}],"collection":[{"href":"https:\/\/cvk-projekty.pl\/index.php\/wp-json\/wp\/v2\/pages"}],"about":[{"href":"https:\/\/cvk-projekty.pl\/index.php\/wp-json\/wp\/v2\/types\/page"}],"author":[{"embeddable":true,"href":"https:\/\/cvk-projekty.pl\/index.php\/wp-json\/wp\/v2\/users\/3"}],"replies":[{"embeddable":true,"href":"https:\/\/cvk-projekty.pl\/index.php\/wp-json\/wp\/v2\/comments?post=2604"}],"version-history":[{"count":7,"href":"https:\/\/cvk-projekty.pl\/index.php\/wp-json\/wp\/v2\/pages\/2604\/revisions"}],"predecessor-version":[{"id":2659,"href":"https:\/\/cvk-projekty.pl\/index.php\/wp-json\/wp\/v2\/pages\/2604\/revisions\/2659"}],"wp:attachment":[{"href":"https:\/\/cvk-projekty.pl\/index.php\/wp-json\/wp\/v2\/media?parent=2604"}],"curies":[{"name":"wp","href":"https:\/\/api.w.org\/{rel}","templated":true}]}}